{"id":508,"date":"2025-06-05T17:15:07","date_gmt":"2025-06-05T23:15:07","guid":{"rendered":"https:\/\/paginasweb.liderescambiandomexico.org\/?page_id=508"},"modified":"2025-06-06T10:14:53","modified_gmt":"2025-06-06T16:14:53","slug":"sobre-la-promocion","status":"publish","type":"page","link":"https:\/\/paginasweb.liderescambiandomexico.org\/es\/sobre-la-promocion\/","title":{"rendered":"Sobre la Promoci\u00f3n"},"content":{"rendered":"<p>[et_pb_section fb_built=&#8221;1&#8243; _builder_version=&#8221;4.27.2&#8243; _module_preset=&#8221;default&#8221; background_enable_color=&#8221;off&#8221; use_background_color_gradient=&#8221;on&#8221; background_color_gradient_stops=&#8221;rgba(43,135,218,0.36) 0%|rgba(0,4,94,0.88) 99%&#8221; background_color_gradient_overlays_image=&#8221;on&#8221; background_image=&#8221;https:\/\/paginasweb.liderescambiandomexico.org\/wp-content\/uploads\/2025\/01\/fondo-de-conexiones.png&#8221; locked=&#8221;off&#8221; global_colors_info=&#8221;{}&#8221;][et_pb_row _builder_version=&#8221;4.27.2&#8243; _module_preset=&#8221;default&#8221; global_colors_info=&#8221;{}&#8221;][et_pb_column type=&#8221;4_4&#8243; _builder_version=&#8221;4.27.2&#8243; _module_preset=&#8221;default&#8221; global_colors_info=&#8221;{}&#8221;][et_pb_text _builder_version=&#8221;4.27.2&#8243; _module_preset=&#8221;default&#8221; header_font=&#8221;|700|||||||&#8221; header_text_color=&#8221;#FFFFFF&#8221; header_font_size=&#8221;50px&#8221; text_orientation=&#8221;center&#8221; header_font_size_tablet=&#8221;50px&#8221; header_font_size_phone=&#8221;45px&#8221; header_font_size_last_edited=&#8221;on|phone&#8221; global_colors_info=&#8221;{}&#8221;]<\/p>\n<h1>ACERCA DE LA PROMOCI\u00d3N<\/h1>\n<p>[\/et_pb_text][\/et_pb_column][\/et_pb_row][\/et_pb_section][et_pb_section fb_built=&#8221;1&#8243; custom_padding_last_edited=&#8221;on|desktop&#8221; _builder_version=&#8221;4.27.2&#8243; _module_preset=&#8221;default&#8221; custom_padding=&#8221;50px||180px||false|false&#8221; custom_padding_tablet=&#8221;50px||300px||false|false&#8221; custom_padding_phone=&#8221;0px||150px||false|false&#8221; hover_enabled=&#8221;0&#8243; locked=&#8221;off&#8221; global_colors_info=&#8221;{}&#8221; custom_margin=&#8221;0px||||false|false&#8221; sticky_enabled=&#8221;0&#8243;][et_pb_row _builder_version=&#8221;4.27.2&#8243; _module_preset=&#8221;default&#8221; custom_margin=&#8221;||||false|false&#8221; global_colors_info=&#8221;{}&#8221;][et_pb_column type=&#8221;4_4&#8243; _builder_version=&#8221;4.27.2&#8243; _module_preset=&#8221;default&#8221; global_colors_info=&#8221;{}&#8221;][et_pb_text _builder_version=&#8221;4.27.2&#8243; _module_preset=&#8221;default&#8221; text_font_size=&#8221;18px&#8221; text_orientation=&#8221;justified&#8221; custom_margin=&#8221;||||false|false&#8221; custom_padding=&#8221;13px|90px|20px|90px|false|false&#8221; custom_padding_tablet=&#8221;|30px||30px|false|false&#8221; custom_padding_phone=&#8221;|0px||0px|false|false&#8221; custom_padding_last_edited=&#8221;on|desktop&#8221; text_font_size_tablet=&#8221;18px&#8221; text_font_size_phone=&#8221;17px&#8221; text_font_size_last_edited=&#8221;on|phone&#8221; global_colors_info=&#8221;{}&#8221;]<\/p>\n<p>La Fundaci\u00f3n Reciclando M\u00e9xico IAP, en colaboraci\u00f3n con FIGAND SOFTWARE (operada comercialmente por TACOSTECH S DE RL DE CV), una empresa reconocida por su prestigio y calidad en desarrollo de sitios web, se complace en ofrecer la donaci\u00f3n de la mano de obra y dise\u00f1o de 100 sitios web informativos.<\/p>\n<p>Gracias a este esfuerzo conjunto con el Club Rotario L\u00edderes de Puebla y CAPMEGA SOLUCIONES INFORM\u00c1TICAS SAS DE CV, beneficiamos directamente a personas y organizaciones al eliminar completamente el costo de mano de obra y dise\u00f1o. Cabe mencionar que el sitio web desarrollado bajo esta promoci\u00f3n tiene un valor comercial en FIGAND SOFTWARE, el cual no ser\u00e1 cobrado al beneficiario. Para referencia, los precios p\u00fablicos de servicios similares pueden consultarse en: <a href=\"https:\/\/figand.net\/cotizar-pagina-web\/\">https:\/\/figand.net\/cotizar-pagina-web\/<\/a><\/p>\n<p>Los beneficiarios \u00fanicamente deber\u00e1n cubrir los costos relacionados con la compra del dominio y hospedaje, los cuales ser\u00e1n gestionados con total transparencia a trav\u00e9s de TACOSTECH S DE RL DE CV, quien ser\u00e1 responsable de realizar estas compras directamente con CAPMEGA SOLUCIONES INFORM\u00c1TICAS SAS DE CV.<\/p>\n<p>Todo el proceso ser\u00e1 supervisado y validado por la Fundaci\u00f3n Reciclando M\u00e9xico IAP y el Club Rotario L\u00edderes de Puebla, garantizando claridad y confianza absoluta en la operaci\u00f3n.<\/p>\n<p>Los dominios y servicios de hospedaje ser\u00e1n registrados a nombre de cada beneficiario y ser\u00e1n 100% propiedad del mismo, con una vigencia inicial de 1 a\u00f1o.<\/p>\n<p>Posterior a este periodo, la renovaci\u00f3n de estos servicios ser\u00e1 100% responsabilidad del beneficiario (ya sea persona f\u00edsica o moral), bajo los precios establecidos al momento de la renovaci\u00f3n. Ninguna de las partes participantes en la promoci\u00f3n podr\u00e1 reclamar derechos sobre estos servicios en el futuro. Con esta iniciativa, refrendamos nuestro compromiso con la comunidad, impulsando la digitalizaci\u00f3n y fortaleciendo la presencia digital de quienes m\u00e1s lo necesitan.<\/p>\n<p>[\/et_pb_text][et_pb_button button_url=&#8221;https:\/\/paginasweb.liderescambiandomexico.org&#8221; button_text=&#8221;Volver al inicio&#8221; button_alignment=&#8221;center&#8221; _builder_version=&#8221;4.27.2&#8243; _module_preset=&#8221;default&#8221; custom_button=&#8221;on&#8221; button_text_color=&#8221;#FFFFFF&#8221; button_bg_color=&#8221;#0b2a66&#8243; global_colors_info=&#8221;{}&#8221;][\/et_pb_button][\/et_pb_column][\/et_pb_row][\/et_pb_section]<\/p>","protected":false},"excerpt":{"rendered":"<p>ACERCA DE LA PROMOCI\u00d3NLa Fundaci\u00f3n Reciclando M\u00e9xico IAP, en colaboraci\u00f3n con FIGAND SOFTWARE (operada comercialmente por TACOSTECH S DE RL DE CV), una empresa reconocida por su prestigio y calidad en desarrollo de sitios web, se complace en ofrecer la donaci\u00f3n de la mano de obra y dise\u00f1o de 100 sitios web informativos. Gracias a [&hellip;]<\/p>","protected":false},"author":1,"featured_media":0,"parent":0,"menu_order":0,"comment_status":"closed","ping_status":"closed","template":"","meta":{"_et_pb_use_builder":"on","_et_pb_old_content":"","_et_gb_content_width":"","footnotes":""},"class_list":["post-508","page","type-page","status-publish","hentry"],"jetpack_sharing_enabled":true,"_links":{"self":[{"href":"https:\/\/paginasweb.liderescambiandomexico.org\/es\/wp-json\/wp\/v2\/pages\/508","targetHints":{"allow":["GET"]}}],"collection":[{"href":"https:\/\/paginasweb.liderescambiandomexico.org\/es\/wp-json\/wp\/v2\/pages"}],"about":[{"href":"https:\/\/paginasweb.liderescambiandomexico.org\/es\/wp-json\/wp\/v2\/types\/page"}],"author":[{"embeddable":true,"href":"https:\/\/paginasweb.liderescambiandomexico.org\/es\/wp-json\/wp\/v2\/users\/1"}],"replies":[{"embeddable":true,"href":"https:\/\/paginasweb.liderescambiandomexico.org\/es\/wp-json\/wp\/v2\/comments?post=508"}],"version-history":[{"count":5,"href":"https:\/\/paginasweb.liderescambiandomexico.org\/es\/wp-json\/wp\/v2\/pages\/508\/revisions"}],"predecessor-version":[{"id":536,"href":"https:\/\/paginasweb.liderescambiandomexico.org\/es\/wp-json\/wp\/v2\/pages\/508\/revisions\/536"}],"wp:attachment":[{"href":"https:\/\/paginasweb.liderescambiandomexico.org\/es\/wp-json\/wp\/v2\/media?parent=508"}],"curies":[{"name":"wp","href":"https:\/\/api.w.org\/{rel}","templated":true}]}}